{"id":73,"date":"2022-09-22T15:58:52","date_gmt":"2022-09-22T18:58:52","guid":{"rendered":"http:\/\/p2bgportfolios.local\/?page_id=73"},"modified":"2022-10-18T11:37:41","modified_gmt":"2022-10-18T14:37:41","slug":"pagina-de-suporte-da-nespresso","status":"publish","type":"page","link":"https:\/\/p2bg.com.br\/pt-br\/portfolio\/pagina-de-suporte-da-nespresso\/","title":{"rendered":"P\u00e1gina de suporte da Nespresso"},"content":{"rendered":"\n<p>O objetivo desse estudo foi criar uma nova p\u00e1gina de suporte ao cliente para as cafeteiras Nespresso. O foco foi a p\u00e1gina web, sem preocupa\u00e7\u00f5es com dispositivos m\u00f3veis.<\/p>\n","protected":false},"excerpt":{"rendered":"<p>Melhorando as p\u00e1ginas do suporte t\u00e9cnico da Nespresso<\/p>\n","protected":false},"author":1,"featured_media":500,"parent":70,"menu_order":2,"comment_status":"closed","ping_status":"closed","template":"","meta":{"footnotes":""},"class_list":["post-73","page","type-page","status-publish","has-post-thumbnail","hentry","entry"],"_links":{"self":[{"href":"https:\/\/p2bg.com.br\/pt-br\/wp-json\/wp\/v2\/pages\/73","targetHints":{"allow":["GET"]}}],"collection":[{"href":"https:\/\/p2bg.com.br\/pt-br\/wp-json\/wp\/v2\/pages"}],"about":[{"href":"https:\/\/p2bg.com.br\/pt-br\/wp-json\/wp\/v2\/types\/page"}],"author":[{"embeddable":true,"href":"https:\/\/p2bg.com.br\/pt-br\/wp-json\/wp\/v2\/users\/1"}],"replies":[{"embeddable":true,"href":"https:\/\/p2bg.com.br\/pt-br\/wp-json\/wp\/v2\/comments?post=73"}],"version-history":[{"count":8,"href":"https:\/\/p2bg.com.br\/pt-br\/wp-json\/wp\/v2\/pages\/73\/revisions"}],"predecessor-version":[{"id":725,"href":"https:\/\/p2bg.com.br\/pt-br\/wp-json\/wp\/v2\/pages\/73\/revisions\/725"}],"up":[{"embeddable":true,"href":"https:\/\/p2bg.com.br\/pt-br\/wp-json\/wp\/v2\/pages\/70"}],"wp:featuredmedia":[{"embeddable":true,"href":"https:\/\/p2bg.com.br\/pt-br\/wp-json\/wp\/v2\/media\/500"}],"wp:attachment":[{"href":"https:\/\/p2bg.com.br\/pt-br\/wp-json\/wp\/v2\/media?parent=73"}],"curies":[{"name":"wp","href":"https:\/\/api.w.org\/{rel}","templated":true}]}}