{"id":68,"date":"2022-09-22T15:00:30","date_gmt":"2022-09-22T18:00:30","guid":{"rendered":"http:\/\/p2bgportfolios.local\/?page_id=68"},"modified":"2022-11-03T11:26:25","modified_gmt":"2022-11-03T14:26:25","slug":"reditecsul","status":"publish","type":"page","link":"https:\/\/p2bg.com.br\/pt-br\/portfolio\/reditecsul\/","title":{"rendered":"Reditec Sul 2022"},"content":{"rendered":"\n<p>A Reditec Sul &#8211; Reuni\u00e3o dos Dirigentes dos Institutos Federais de Educa\u00e7\u00e3o, Ci\u00eancia e Tecnologia da Regi\u00e3o Sul &#8211; \u00e9 um evento que re\u00fane reitores, pr\u00f3-reitores e dirigentes dos Institutos Federais da regi\u00e3o sul do Brasil.<\/p>\n\n\n\n<p>Para a edi\u00e7\u00e3o de 2022 liderei a constru\u00e7\u00e3o de um site que centralizou as informa\u00e7\u00f5es do evento e permitiu aos participantes uma experi\u00eancia mais pr\u00e1tica e f\u00e1cil, potencializando os resultados do evento.<\/p>\n","protected":false},"excerpt":{"rendered":"<p>Um site para simplificar e facilitar o acesso \u00e0 informa\u00e7\u00f5es e servi\u00e7os. Antes, durante e depois do evento.<\/p>\n","protected":false},"author":1,"featured_media":501,"parent":70,"menu_order":3,"comment_status":"closed","ping_status":"closed","template":"","meta":{"footnotes":""},"class_list":["post-68","page","type-page","status-publish","has-post-thumbnail","hentry","entry"],"_links":{"self":[{"href":"https:\/\/p2bg.com.br\/pt-br\/wp-json\/wp\/v2\/pages\/68","targetHints":{"allow":["GET"]}}],"collection":[{"href":"https:\/\/p2bg.com.br\/pt-br\/wp-json\/wp\/v2\/pages"}],"about":[{"href":"https:\/\/p2bg.com.br\/pt-br\/wp-json\/wp\/v2\/types\/page"}],"author":[{"embeddable":true,"href":"https:\/\/p2bg.com.br\/pt-br\/wp-json\/wp\/v2\/users\/1"}],"replies":[{"embeddable":true,"href":"https:\/\/p2bg.com.br\/pt-br\/wp-json\/wp\/v2\/comments?post=68"}],"version-history":[{"count":11,"href":"https:\/\/p2bg.com.br\/pt-br\/wp-json\/wp\/v2\/pages\/68\/revisions"}],"predecessor-version":[{"id":835,"href":"https:\/\/p2bg.com.br\/pt-br\/wp-json\/wp\/v2\/pages\/68\/revisions\/835"}],"up":[{"embeddable":true,"href":"https:\/\/p2bg.com.br\/pt-br\/wp-json\/wp\/v2\/pages\/70"}],"wp:featuredmedia":[{"embeddable":true,"href":"https:\/\/p2bg.com.br\/pt-br\/wp-json\/wp\/v2\/media\/501"}],"wp:attachment":[{"href":"https:\/\/p2bg.com.br\/pt-br\/wp-json\/wp\/v2\/media?parent=68"}],"curies":[{"name":"wp","href":"https:\/\/api.w.org\/{rel}","templated":true}]}}