{"id":63,"date":"2022-09-22T12:58:59","date_gmt":"2022-09-22T12:58:59","guid":{"rendered":"http:\/\/p2bgportfolios.local\/?page_id=63"},"modified":"2022-10-15T15:53:33","modified_gmt":"2022-10-15T18:53:33","slug":"possibilitar-mudanca-de-vida","status":"publish","type":"page","link":"https:\/\/p2bg.com.br\/pt-br\/portfolio\/possibilitar-mudanca-de-vida\/","title":{"rendered":"Possibilitar mudan\u00e7a de vida"},"content":{"rendered":"\n<p>Anualmente, milhares de estudantes competem para entrar em uma das melhores escolas p\u00fablicas e gratuitas brasileiras, o IFPR. Essa oportunidade pode mudar a vida de muitas fam\u00edlias de baixa renda.<\/p>\n\n\n\n<p>O IFPR precisava de um website para o processo seletivo que fosse eficiente, acess\u00edvel e f\u00e1cil de usar, ajudando os candidatos a se concentrarem no que importa: ser selecionado para um curso no pr\u00f3ximo ano letivo.<\/p>\n","protected":false},"excerpt":{"rendered":"<p>Como prover informa\u00e7\u00f5es sens\u00edveis aos alunos que competem para entrar em uma das melhores escolas p\u00fablicas e gratuitas do Brasil<\/p>\n","protected":false},"author":1,"featured_media":385,"parent":70,"menu_order":1,"comment_status":"closed","ping_status":"closed","template":"","meta":{"footnotes":""},"class_list":["post-63","page","type-page","status-publish","has-post-thumbnail","hentry","entry"],"_links":{"self":[{"href":"https:\/\/p2bg.com.br\/pt-br\/wp-json\/wp\/v2\/pages\/63","targetHints":{"allow":["GET"]}}],"collection":[{"href":"https:\/\/p2bg.com.br\/pt-br\/wp-json\/wp\/v2\/pages"}],"about":[{"href":"https:\/\/p2bg.com.br\/pt-br\/wp-json\/wp\/v2\/types\/page"}],"author":[{"embeddable":true,"href":"https:\/\/p2bg.com.br\/pt-br\/wp-json\/wp\/v2\/users\/1"}],"replies":[{"embeddable":true,"href":"https:\/\/p2bg.com.br\/pt-br\/wp-json\/wp\/v2\/comments?post=63"}],"version-history":[{"count":1,"href":"https:\/\/p2bg.com.br\/pt-br\/wp-json\/wp\/v2\/pages\/63\/revisions"}],"predecessor-version":[{"id":495,"href":"https:\/\/p2bg.com.br\/pt-br\/wp-json\/wp\/v2\/pages\/63\/revisions\/495"}],"up":[{"embeddable":true,"href":"https:\/\/p2bg.com.br\/pt-br\/wp-json\/wp\/v2\/pages\/70"}],"wp:featuredmedia":[{"embeddable":true,"href":"https:\/\/p2bg.com.br\/pt-br\/wp-json\/wp\/v2\/media\/385"}],"wp:attachment":[{"href":"https:\/\/p2bg.com.br\/pt-br\/wp-json\/wp\/v2\/media?parent=63"}],"curies":[{"name":"wp","href":"https:\/\/api.w.org\/{rel}","templated":true}]}}