{"id":26,"date":"2022-08-26T12:46:58","date_gmt":"2022-08-26T12:46:58","guid":{"rendered":"http:\/\/p2bgportfolios.local\/?page_id=26"},"modified":"2025-04-11T07:45:00","modified_gmt":"2025-04-11T10:45:00","slug":"about","status":"publish","type":"page","link":"https:\/\/p2bg.com.br\/pt-br\/","title":{"rendered":"Sobre mim"},"content":{"rendered":"\n<div class=\"wp-block-group about-top\"><div class=\"wp-block-group__inner-container is-layout-flow wp-block-group-is-layout-flow\"><div class=\"wp-block-image greeting\">\n<figure class=\"alignright size-large\"><img loading=\"lazy\" decoding=\"async\" width=\"67\" height=\"41\" src=\"http:\/\/p2bg.com.br\/pt-br\/wp-content\/uploads\/sites\/4\/2022\/10\/greeting.svg\" alt=\"oi!\" class=\"wp-image-496\"\/><\/figure>\n<\/div>\n\n<div class=\"wp-block-image portrait rotate\">\n<figure class=\"aligncenter size-large is-resized\"><img loading=\"lazy\" decoding=\"async\" width=\"768\" height=\"1024\" src=\"http:\/\/p2bg.com.br\/pt-br\/wp-content\/uploads\/sites\/4\/2022\/10\/pedro-paulo-768x1024.jpg\" alt=\"\" class=\"wp-image-498\" style=\"width:384px;height:512px\" srcset=\"https:\/\/p2bg.com.br\/pt-br\/wp-content\/uploads\/sites\/4\/2022\/10\/pedro-paulo-768x1024.jpg 768w, https:\/\/p2bg.com.br\/pt-br\/wp-content\/uploads\/sites\/4\/2022\/10\/pedro-paulo-225x300.jpg 225w, https:\/\/p2bg.com.br\/pt-br\/wp-content\/uploads\/sites\/4\/2022\/10\/pedro-paulo-1152x1536.jpg 1152w, https:\/\/p2bg.com.br\/pt-br\/wp-content\/uploads\/sites\/4\/2022\/10\/pedro-paulo.jpg 1500w\" sizes=\"auto, (max-width: 768px) 100vw, 768px\" \/><\/figure>\n<\/div><\/div><\/div>\n\n\n\n<h2 class=\"wp-block-heading has-text-align-left span-2-col\">Sou um UX\/UI designer que ajuda organiza\u00e7\u00f5es a criar experi\u00eancias digitais fluidas e intuitivas. <\/h2>\n\n\n\n<div class=\"wp-block-group\"><div class=\"wp-block-group__inner-container is-layout-flow wp-block-group-is-layout-flow\">\n<p class=\"has-medium-font-size\">Nos \u00faltimos 5 anos, tenho focado na melhoria de websites institucionais no IFPR, onde usei o design para alcan\u00e7ar resultados incr\u00edveis:<\/p>\n\n\n\n<ul class=\"wp-block-list\">\n<li class=\"has-medium-font-size\"><strong>Crescimento anual de 10% no n\u00famero de usu\u00e1rios<\/strong>&nbsp;em diversos sites<\/li>\n\n\n\n<li class=\"has-medium-font-size\"><strong>5 milh\u00f5es de visitantes<\/strong>&nbsp;e&nbsp;<strong>17 milh\u00f5es de visualiza\u00e7\u00f5es de p\u00e1gina<\/strong>&nbsp;em 4 anos<\/li>\n\n\n\n<li class=\"has-medium-font-size\"><strong>Usabilidade aprimorada<\/strong>, resultando em maior engajamento e reten\u00e7\u00e3o<\/li>\n<\/ul>\n\n\n\n<p class=\"has-medium-font-size\">Combino minha experi\u00eancia em design gr\u00e1fico, desenvolvimento web e design participativo para construir produtos funcionais e f\u00e1ceis de usar. Minha expertise abrange todo o processo de design, desde a pesquisa e conceitua\u00e7\u00e3o at\u00e9 a entrega de produtos finais que geram valor tanto para os usu\u00e1rios quanto para os neg\u00f3cios.<\/p>\n\n\n\n<p class=\"has-medium-font-size\">No IFPR, introduzi estrat\u00e9gias de UX que transformaram a presen\u00e7a digital da institui\u00e7\u00e3o. Tamb\u00e9m capacitei equipes criando materiais de treinamento, guias e workshops para garantir que o sucesso fosse sustent\u00e1vel mesmo ap\u00f3s a conclus\u00e3o de cada projeto.<\/p>\n\n\n\n<p class=\"has-medium-font-size\">Sou apaixonado por usar o design para resolver problemas complexos e estou sempre em busca de oportunidades onde possa ajudar equipes a inovar e crescer. Seja revitalizando uma plataforma existente ou criando algo novo, estou aqui para ajudar a construir experi\u00eancias digitais significativas.<\/p>\n<\/div><\/div>\n\n\n\n<div class=\"wp-block-group about-links\"><div class=\"wp-block-group__inner-container is-layout-flow wp-block-group-is-layout-flow\">\n<div class=\"wp-block-group\"><div class=\"wp-block-group__inner-container is-layout-flow wp-block-group-is-layout-flow\">\n<p><strong>ENTRE EM CONTATO<\/strong><\/p>\n\n\n\n<p class=\"linkedin\"><a href=\"https:\/\/www.linkedin.com\/in\/pedrogrein\/\" data-type=\"URL\" data-id=\"https:\/\/www.linkedin.com\/in\/pedrogrein\/\">Linkedin<\/a><\/p>\n\n\n\n<p class=\"email\"><a href=\"mailto:p2bg@p2bg.com.br\">p2bg@p2bg.com.br<\/a><\/p>\n<\/div><\/div>\n\n\n\n<div class=\"wp-block-group\"><div class=\"wp-block-group__inner-container is-layout-flow wp-block-group-is-layout-flow\">\n<p><strong>LINKS<\/strong><\/p>\n\n\n\n<p class=\"resume\"><a href=\"https:\/\/p2bg.com.br\/wp-content\/uploads\/2022\/10\/pedro-grein-cv.pdf\" data-type=\"URL\" data-id=\"https:\/\/p2bg.com.br\/wp-content\/uploads\/2022\/10\/pedro-grein-cv.pdf\">Resume<\/a><\/p>\n\n\n\n<p class=\"dribbble\"><a href=\"https:\/\/dribbble.com\/p2bg\" data-type=\"URL\" data-id=\"https:\/\/dribbble.com\/p2bg\">Dribbble<\/a><\/p>\n<\/div><\/div>\n<\/div><\/div>\n","protected":false},"excerpt":{"rendered":"<p>Sou um UX\/UI designer que ajuda organiza\u00e7\u00f5es a criar experi\u00eancias digitais fluidas e intuitivas. Nos \u00faltimos 5 anos, tenho focado na melhoria de websites institucionais no IFPR, onde usei o design para alcan\u00e7ar resultados incr\u00edveis: Combino minha experi\u00eancia em design gr\u00e1fico, desenvolvimento web e design participativo para construir produtos funcionais e f\u00e1ceis de usar. Minha&hellip; <a class=\"more-link\" href=\"https:\/\/p2bg.com.br\/pt-br\/\">Continue reading <span class=\"screen-reader-text\">Sobre mim<\/span><\/a><\/p>\n","protected":false},"author":1,"featured_media":0,"parent":0,"menu_order":0,"comment_status":"closed","ping_status":"closed","template":"","meta":{"footnotes":""},"class_list":["post-26","page","type-page","status-publish","hentry","entry"],"_links":{"self":[{"href":"https:\/\/p2bg.com.br\/pt-br\/wp-json\/wp\/v2\/pages\/26","targetHints":{"allow":["GET"]}}],"collection":[{"href":"https:\/\/p2bg.com.br\/pt-br\/wp-json\/wp\/v2\/pages"}],"about":[{"href":"https:\/\/p2bg.com.br\/pt-br\/wp-json\/wp\/v2\/types\/page"}],"author":[{"embeddable":true,"href":"https:\/\/p2bg.com.br\/pt-br\/wp-json\/wp\/v2\/users\/1"}],"replies":[{"embeddable":true,"href":"https:\/\/p2bg.com.br\/pt-br\/wp-json\/wp\/v2\/comments?post=26"}],"version-history":[{"count":9,"href":"https:\/\/p2bg.com.br\/pt-br\/wp-json\/wp\/v2\/pages\/26\/revisions"}],"predecessor-version":[{"id":911,"href":"https:\/\/p2bg.com.br\/pt-br\/wp-json\/wp\/v2\/pages\/26\/revisions\/911"}],"wp:attachment":[{"href":"https:\/\/p2bg.com.br\/pt-br\/wp-json\/wp\/v2\/media?parent=26"}],"curies":[{"name":"wp","href":"https:\/\/api.w.org\/{rel}","templated":true}]}}